{"id":140,"date":"2023-05-12T11:46:54","date_gmt":"2023-05-12T11:46:54","guid":{"rendered":"https:\/\/ctmtest2.fr\/?page_id=140"},"modified":"2026-04-23T07:54:25","modified_gmt":"2026-04-23T07:54:25","slug":"ums-biosand","status":"publish","type":"page","link":"https:\/\/ctm.ube.fr\/index.php\/ums-biosand\/","title":{"rendered":"UMS BioSanD"},"content":{"rendered":"\t\t<div data-elementor-type=\"wp-page\" data-elementor-id=\"140\" class=\"elementor elementor-140\">\n\t\t\t\t\t\t<section class=\"elementor-section elementor-top-section elementor-element elementor-element-a6f7e7a elementor-section-full_width elementor-section-height-default elementor-section-height-default\" data-id=\"a6f7e7a\" data-element_type=\"section\" data-e-type=\"section\">\n\t\t\t\t\t\t\t<div class=\"elementor-background-overlay\"><\/div>\n\t\t\t\t\t\t\t<div class=\"elementor-container elementor-column-gap-default\">\n\t\t\t\t\t<div class=\"elementor-column elementor-col-100 elementor-top-column elementor-element elementor-element-b7b1a94\" data-id=\"b7b1a94\" data-element_type=\"column\" data-e-type=\"column\" data-settings=\"{&quot;background_background&quot;:&quot;classic&quot;}\">\n\t\t\t<div class=\"elementor-widget-wrap elementor-element-populated\">\n\t\t\t\t\t<div class=\"elementor-background-overlay\"><\/div>\n\t\t\t\t\t\t<div class=\"elementor-element elementor-element-c4e7615 elementor-widget__width-initial elementor-widget elementor-widget-image\" data-id=\"c4e7615\" data-element_type=\"widget\" data-e-type=\"widget\" data-widget_type=\"image.default\">\n\t\t\t\t<div class=\"elementor-widget-container\">\n\t\t\t\t\t\t\t\t\t\t\t\t\t\t\t\t<a href=\"https:\/\/www.cgfl.fr\/\" target=\"_blank\">\n\t\t\t\t\t\t\t<img fetchpriority=\"high\" decoding=\"async\" width=\"600\" height=\"296\" src=\"https:\/\/ctm.ube.fr\/wp-content\/uploads\/2026\/04\/logo-cgfl.svg\" class=\"attachment-large size-large wp-image-7142\" alt=\"\" \/>\t\t\t\t\t\t\t\t<\/a>\n\t\t\t\t\t\t\t\t\t\t\t\t\t\t\t<\/div>\n\t\t\t\t<\/div>\n\t\t\t\t<div class=\"elementor-element elementor-element-18efe44 elementor-widget__width-initial elementor-widget elementor-widget-image\" data-id=\"18efe44\" data-element_type=\"widget\" data-e-type=\"widget\" data-widget_type=\"image.default\">\n\t\t\t\t<div class=\"elementor-widget-container\">\n\t\t\t\t\t\t\t\t\t\t\t\t\t\t\t\t<a href=\"https:\/\/www.chu-dijon.fr\/\" target=\"_blank\">\n\t\t\t\t\t\t\t<img decoding=\"async\" width=\"1024\" height=\"293\" src=\"https:\/\/ctm.ube.fr\/wp-content\/uploads\/2026\/04\/Logo-CHU-1024x293.png\" class=\"attachment-large size-large wp-image-7235\" alt=\"\" srcset=\"https:\/\/ctm.ube.fr\/wp-content\/uploads\/2026\/04\/Logo-CHU-1024x293.png 1024w, https:\/\/ctm.ube.fr\/wp-content\/uploads\/2026\/04\/Logo-CHU-300x86.png 300w, https:\/\/ctm.ube.fr\/wp-content\/uploads\/2026\/04\/Logo-CHU-768x220.png 768w, https:\/\/ctm.ube.fr\/wp-content\/uploads\/2026\/04\/Logo-CHU-1536x440.png 1536w, https:\/\/ctm.ube.fr\/wp-content\/uploads\/2026\/04\/Logo-CHU.png 2048w\" sizes=\"(max-width: 1024px) 100vw, 1024px\" \/>\t\t\t\t\t\t\t\t<\/a>\n\t\t\t\t\t\t\t\t\t\t\t\t\t\t\t<\/div>\n\t\t\t\t<\/div>\n\t\t\t\t<div class=\"elementor-element elementor-element-3555930 elementor-widget__width-initial elementor-widget elementor-widget-image\" data-id=\"3555930\" data-element_type=\"widget\" data-e-type=\"widget\" data-widget_type=\"image.default\">\n\t\t\t\t<div class=\"elementor-widget-container\">\n\t\t\t\t\t\t\t\t\t\t\t\t\t\t\t\t<a href=\"https:\/\/www.inserm.fr\/\" target=\"_blank\">\n\t\t\t\t\t\t\t<img decoding=\"async\" width=\"833\" height=\"300\" src=\"https:\/\/ctm.ube.fr\/wp-content\/uploads\/2026\/04\/Logo_INSERM-retravailler.png\" class=\"attachment-large size-large wp-image-7243\" alt=\"\" srcset=\"https:\/\/ctm.ube.fr\/wp-content\/uploads\/2026\/04\/Logo_INSERM-retravailler.png 833w, https:\/\/ctm.ube.fr\/wp-content\/uploads\/2026\/04\/Logo_INSERM-retravailler-300x108.png 300w, https:\/\/ctm.ube.fr\/wp-content\/uploads\/2026\/04\/Logo_INSERM-retravailler-768x277.png 768w\" sizes=\"(max-width: 833px) 100vw, 833px\" \/>\t\t\t\t\t\t\t\t<\/a>\n\t\t\t\t\t\t\t\t\t\t\t\t\t\t\t<\/div>\n\t\t\t\t<\/div>\n\t\t\t\t<div class=\"elementor-element elementor-element-a67b933 elementor-widget__width-initial elementor-widget elementor-widget-image\" data-id=\"a67b933\" data-element_type=\"widget\" data-e-type=\"widget\" data-widget_type=\"image.default\">\n\t\t\t\t<div class=\"elementor-widget-container\">\n\t\t\t\t\t\t\t\t\t\t\t\t\t\t\t\t<a href=\"https:\/\/www.ube.fr\/\" target=\"_blank\">\n\t\t\t\t\t\t\t<img loading=\"lazy\" decoding=\"async\" width=\"1024\" height=\"579\" src=\"https:\/\/ctm.ube.fr\/wp-content\/uploads\/2026\/04\/Logo_EPE_Universite_Bourgogne_Europe.svg-converti-depuis-png.svg\" class=\"attachment-large size-large wp-image-7146\" alt=\"\" \/>\t\t\t\t\t\t\t\t<\/a>\n\t\t\t\t\t\t\t\t\t\t\t\t\t\t\t<\/div>\n\t\t\t\t<\/div>\n\t\t\t\t<div class=\"elementor-element elementor-element-2bdc327 elementor-widget__width-initial elementor-widget elementor-widget-image\" data-id=\"2bdc327\" data-element_type=\"widget\" data-e-type=\"widget\" data-widget_type=\"image.default\">\n\t\t\t\t<div class=\"elementor-widget-container\">\n\t\t\t\t\t\t\t\t\t\t\t\t\t\t\t\t<a href=\"https:\/\/institut-agro-dijon.fr\/\" target=\"_blank\">\n\t\t\t\t\t\t\t<img loading=\"lazy\" decoding=\"async\" width=\"1024\" height=\"382\" src=\"https:\/\/ctm.ube.fr\/wp-content\/uploads\/2026\/04\/logo_institut_agro_dijon-converti-depuis-png.svg\" class=\"attachment-large size-large wp-image-7148\" alt=\"\" \/>\t\t\t\t\t\t\t\t<\/a>\n\t\t\t\t\t\t\t\t\t\t\t\t\t\t\t<\/div>\n\t\t\t\t<\/div>\n\t\t\t\t<div class=\"elementor-element elementor-element-605a468 elementor-widget-divider--view-line elementor-widget elementor-widget-divider\" data-id=\"605a468\" data-element_type=\"widget\" data-e-type=\"widget\" data-widget_type=\"divider.default\">\n\t\t\t\t<div class=\"elementor-widget-container\">\n\t\t\t\t\t\t\t<div class=\"elementor-divider\">\n\t\t\t<span class=\"elementor-divider-separator\">\n\t\t\t\t\t\t<\/span>\n\t\t<\/div>\n\t\t\t\t\t\t<\/div>\n\t\t\t\t<\/div>\n\t\t\t\t<div class=\"elementor-element elementor-element-043f394 elementor-widget__width-inherit elementor-widget elementor-widget-image\" data-id=\"043f394\" data-element_type=\"widget\" data-e-type=\"widget\" data-widget_type=\"image.default\">\n\t\t\t\t<div class=\"elementor-widget-container\">\n\t\t\t\t\t\t\t\t\t\t\t\t\t\t\t<img loading=\"lazy\" decoding=\"async\" width=\"462\" height=\"173\" src=\"https:\/\/ctm.ube.fr\/wp-content\/uploads\/2026\/04\/logo-UMS.jpg\" class=\"attachment-2048x2048 size-2048x2048 wp-image-7236\" alt=\"\" srcset=\"https:\/\/ctm.ube.fr\/wp-content\/uploads\/2026\/04\/logo-UMS.jpg 462w, https:\/\/ctm.ube.fr\/wp-content\/uploads\/2026\/04\/logo-UMS-300x112.jpg 300w\" sizes=\"(max-width: 462px) 100vw, 462px\" \/>\t\t\t\t\t\t\t\t\t\t\t\t\t\t\t<\/div>\n\t\t\t\t<\/div>\n\t\t\t\t<div class=\"elementor-element elementor-element-6dfa7f9 elementor-widget elementor-widget-heading\" data-id=\"6dfa7f9\" data-element_type=\"widget\" data-e-type=\"widget\" data-widget_type=\"heading.default\">\n\t\t\t\t<div class=\"elementor-widget-container\">\n\t\t\t\t\t<h4 class=\"elementor-heading-title elementor-size-default\">Acc\u00e9l\u00e9rer la recherche biom\u00e9dicale gr\u00e2ce \u00e0 des technologies de pointe et des expertises int\u00e9gr\u00e9es.<\/h4>\t\t\t\t<\/div>\n\t\t\t\t<\/div>\n\t\t\t\t<div class=\"elementor-element elementor-element-e575df3 elementor-widget__width-inherit elementor-widget elementor-widget-heading\" data-id=\"e575df3\" data-element_type=\"widget\" data-e-type=\"widget\" data-widget_type=\"heading.default\">\n\t\t\t\t<div class=\"elementor-widget-container\">\n\t\t\t\t\t<h4 class=\"elementor-heading-title elementor-size-default\">Au c\u0153ur de l\u2019\u00e9cosyst\u00e8me scientifique dijonnais, BioSanD soutient une dynamique de recherche collaborative et translationnelle.<\/h4>\t\t\t\t<\/div>\n\t\t\t\t<\/div>\n\t\t\t\t<div class=\"elementor-element elementor-element-c42630d elementor-widget-divider--view-line elementor-widget elementor-widget-divider\" data-id=\"c42630d\" data-element_type=\"widget\" data-e-type=\"widget\" data-widget_type=\"divider.default\">\n\t\t\t\t<div class=\"elementor-widget-container\">\n\t\t\t\t\t\t\t<div class=\"elementor-divider\">\n\t\t\t<span class=\"elementor-divider-separator\">\n\t\t\t\t\t\t<\/span>\n\t\t<\/div>\n\t\t\t\t\t\t<\/div>\n\t\t\t\t<\/div>\n\t\t\t\t<div class=\"elementor-element elementor-element-62e4a32 elementor-widget__width-initial elementor-widget elementor-widget-image\" data-id=\"62e4a32\" data-element_type=\"widget\" data-e-type=\"widget\" data-widget_type=\"image.default\">\n\t\t\t\t<div class=\"elementor-widget-container\">\n\t\t\t\t\t\t\t\t\t\t\t\t\t\t\t\t<a href=\"https:\/\/cat.opidor.fr\/index.php?title=BIOME&#038;mobileaction=toggle_view_desktop\" target=\"_blank\">\n\t\t\t\t\t\t\t<img decoding=\"async\" src=\"https:\/\/ctm.ube.fr\/wp-content\/uploads\/2026\/04\/Bandeau-BIOME.png\" title=\"\" alt=\"\" loading=\"lazy\" \/>\t\t\t\t\t\t\t\t<\/a>\n\t\t\t\t\t\t\t\t\t\t\t\t\t\t\t<\/div>\n\t\t\t\t<\/div>\n\t\t\t\t<div class=\"elementor-element elementor-element-9889157 elementor-widget__width-initial elementor-widget elementor-widget-image\" data-id=\"9889157\" data-element_type=\"widget\" data-e-type=\"widget\" data-widget_type=\"image.default\">\n\t\t\t\t<div class=\"elementor-widget-container\">\n\t\t\t\t\t\t\t\t\t\t\t\t\t\t\t\t<a href=\"https:\/\/sites.google.com\/view\/crigen-dijon\/accueil\" target=\"_blank\">\n\t\t\t\t\t\t\t<img decoding=\"async\" src=\"https:\/\/ctm.ube.fr\/wp-content\/uploads\/2026\/04\/Bandeau-CRIGEN.png\" title=\"\" alt=\"\" loading=\"lazy\" \/>\t\t\t\t\t\t\t\t<\/a>\n\t\t\t\t\t\t\t\t\t\t\t\t\t\t\t<\/div>\n\t\t\t\t<\/div>\n\t\t\t\t<div class=\"elementor-element elementor-element-489bb65 elementor-widget__width-initial elementor-widget elementor-widget-image\" data-id=\"489bb65\" data-element_type=\"widget\" data-e-type=\"widget\" data-widget_type=\"image.default\">\n\t\t\t\t<div class=\"elementor-widget-container\">\n\t\t\t\t\t\t\t\t\t\t\t\t\t\t\t\t<a href=\"https:\/\/www.diviomics.com\/\" target=\"_blank\">\n\t\t\t\t\t\t\t<img decoding=\"async\" src=\"https:\/\/ctm.ube.fr\/wp-content\/uploads\/2026\/04\/Bandeau-DiviOmics.png\" title=\"\" alt=\"\" loading=\"lazy\" \/>\t\t\t\t\t\t\t\t<\/a>\n\t\t\t\t\t\t\t\t\t\t\t\t\t\t\t<\/div>\n\t\t\t\t<\/div>\n\t\t\t\t<div class=\"elementor-element elementor-element-4620004 elementor-widget__width-initial elementor-widget elementor-widget-image\" data-id=\"4620004\" data-element_type=\"widget\" data-e-type=\"widget\" data-widget_type=\"image.default\">\n\t\t\t\t<div class=\"elementor-widget-container\">\n\t\t\t\t\t\t\t\t\t\t\t\t\t\t\t\t<a href=\"https:\/\/imaflow.com\/\" target=\"_blank\">\n\t\t\t\t\t\t\t<img decoding=\"async\" src=\"https:\/\/ctm.ube.fr\/wp-content\/uploads\/2026\/04\/Bandeau-ImaFlow.png\" title=\"\" alt=\"\" loading=\"lazy\" \/>\t\t\t\t\t\t\t\t<\/a>\n\t\t\t\t\t\t\t\t\t\t\t\t\t\t\t<\/div>\n\t\t\t\t<\/div>\n\t\t\t\t<div class=\"elementor-element elementor-element-4aa9a3f elementor-widget__width-initial elementor-widget elementor-widget-image\" data-id=\"4aa9a3f\" data-element_type=\"widget\" data-e-type=\"widget\" data-widget_type=\"image.default\">\n\t\t\t\t<div class=\"elementor-widget-container\">\n\t\t\t\t\t\t\t\t\t\t\t\t\t\t\t\t<a href=\"https:\/\/icmub.ube.fr\/fr\/imathera\/\" target=\"_blank\">\n\t\t\t\t\t\t\t<img decoding=\"async\" src=\"https:\/\/ctm.ube.fr\/wp-content\/uploads\/2026\/04\/Bandeau-IMATHERA.png\" title=\"\" alt=\"\" loading=\"lazy\" \/>\t\t\t\t\t\t\t\t<\/a>\n\t\t\t\t\t\t\t\t\t\t\t\t\t\t\t<\/div>\n\t\t\t\t<\/div>\n\t\t\t\t<div class=\"elementor-element elementor-element-b992d80 elementor-widget__width-initial elementor-widget elementor-widget-image\" data-id=\"b992d80\" data-element_type=\"widget\" data-e-type=\"widget\" data-widget_type=\"image.default\">\n\t\t\t\t<div class=\"elementor-widget-container\">\n\t\t\t\t\t\t\t\t\t\t\t\t\t\t\t\t<a href=\"https:\/\/metabolicks.wixsite.com\/metabolicks\" target=\"_blank\">\n\t\t\t\t\t\t\t<img decoding=\"async\" src=\"https:\/\/ctm.ube.fr\/wp-content\/uploads\/2026\/04\/Bandeau-Metabolicks.png\" title=\"\" alt=\"\" loading=\"lazy\" \/>\t\t\t\t\t\t\t\t<\/a>\n\t\t\t\t\t\t\t\t\t\t\t\t\t\t\t<\/div>\n\t\t\t\t<\/div>\n\t\t\t\t<div class=\"elementor-element elementor-element-30a7585 elementor-widget__width-initial elementor-widget elementor-widget-image\" data-id=\"30a7585\" data-element_type=\"widget\" data-e-type=\"widget\" data-widget_type=\"image.default\">\n\t\t\t\t<div class=\"elementor-widget-container\">\n\t\t\t\t\t\t\t\t\t\t\t\t\t\t\t\t<a href=\"https:\/\/www.cgfl.fr\/professionnels-de-sante\/recherche-translationnelle\/ptbc\/\" target=\"_blank\">\n\t\t\t\t\t\t\t<img decoding=\"async\" src=\"https:\/\/ctm.ube.fr\/wp-content\/uploads\/2026\/04\/Bandeau-PTBC.png\" title=\"\" alt=\"\" loading=\"lazy\" \/>\t\t\t\t\t\t\t\t<\/a>\n\t\t\t\t\t\t\t\t\t\t\t\t\t\t\t<\/div>\n\t\t\t\t<\/div>\n\t\t\t\t<div class=\"elementor-element elementor-element-ef9a991 elementor-widget-divider--view-line elementor-widget elementor-widget-divider\" data-id=\"ef9a991\" data-element_type=\"widget\" data-e-type=\"widget\" data-widget_type=\"divider.default\">\n\t\t\t\t<div class=\"elementor-widget-container\">\n\t\t\t\t\t\t\t<div class=\"elementor-divider\">\n\t\t\t<span class=\"elementor-divider-separator\">\n\t\t\t\t\t\t<\/span>\n\t\t<\/div>\n\t\t\t\t\t\t<\/div>\n\t\t\t\t<\/div>\n\t\t\t\t<div class=\"elementor-element elementor-element-0775f1d elementor-widget elementor-widget-heading\" data-id=\"0775f1d\" data-element_type=\"widget\" data-e-type=\"widget\" data-widget_type=\"heading.default\">\n\t\t\t\t<div class=\"elementor-widget-container\">\n\t\t\t\t\t<h2 class=\"elementor-heading-title elementor-size-default\">Qu\u2019est-ce qu\u2019une UMS ?<\/h2>\t\t\t\t<\/div>\n\t\t\t\t<\/div>\n\t\t\t\t<div class=\"elementor-element elementor-element-52d8b8c elementor-widget-tablet__width-initial elementor-widget-mobile__width-initial elementor-widget elementor-widget-text-editor\" data-id=\"52d8b8c\" data-element_type=\"widget\" data-e-type=\"widget\" data-widget_type=\"text-editor.default\">\n\t\t\t\t<div class=\"elementor-widget-container\">\n\t\t\t\t\t\t\t\t\t<p>Une Unit\u00e9 Mixte de Service (UMS) regroupe des plateformes technologiques mutualis\u00e9es, accessibles aux \u00e9quipes acad\u00e9miques comme aux partenaires priv\u00e9s, en France et \u00e0 l\u2019international.<br \/><span style=\"text-decoration: underline;\">Elle met \u00e0 disposition :<\/span><\/p><ul style=\"list-style-type: '\u27a3 ';\"><li>Des \u00e9quipements de pointe<\/li><li>Des expertises sp\u00e9cialis\u00e9es<\/li><li>Un accompagnement sur mesure<\/li><\/ul><p><span style=\"text-decoration: underline;\">Objectif :<\/span> s\u00e9curiser, structurer et acc\u00e9l\u00e9rer les projets scientifiques, de la production de donn\u00e9es jusqu\u2019\u00e0 leur valorisation.<\/p>\t\t\t\t\t\t\t\t<\/div>\n\t\t\t\t<\/div>\n\t\t\t\t<div class=\"elementor-element elementor-element-94a995b elementor-widget elementor-widget-heading\" data-id=\"94a995b\" data-element_type=\"widget\" data-e-type=\"widget\" data-widget_type=\"heading.default\">\n\t\t\t\t<div class=\"elementor-widget-container\">\n\t\t\t\t\t<h2 class=\"elementor-heading-title elementor-size-default\">BioSanD : un acteur structurant en biologie-sant\u00e9 \u00e0 Dijon<\/h2>\t\t\t\t<\/div>\n\t\t\t\t<\/div>\n\t\t\t\t<div class=\"elementor-element elementor-element-77c8ab1 elementor-widget elementor-widget-text-editor\" data-id=\"77c8ab1\" data-element_type=\"widget\" data-e-type=\"widget\" data-widget_type=\"text-editor.default\">\n\t\t\t\t<div class=\"elementor-widget-container\">\n\t\t\t\t\t\t\t\t\t<p>Cr\u00e9\u00e9e le 1er janvier 2024, l\u2019UMS 58 \u00ab BioSanD \u2013 Biologie Sant\u00e9 Dijon \u00bb f\u00e9d\u00e8re plusieurs acteurs majeurs de la recherche et du soin\u00a0: l\u2019Inserm, l\u2019Universit\u00e9 Bourgogne Europe (UBE), le Centre Georges-Fran\u00e7ois Leclerc (CGFL), le CHU Dijon Bourgogne et l\u2019Institut Agro Dijon.<br \/><span style=\"text-decoration: underline;\">Sa mission :<\/span><\/p><ul style=\"list-style-type: '\u27a3 ';\"><li>Structurer et renforcer les plateformes technologiques<\/li><li>Proposer une offre de services int\u00e9gr\u00e9e en recherche biom\u00e9dicale<\/li><li>Favoriser les interactions entre recherche acad\u00e9mique, h\u00f4pital et industrie<\/li><\/ul>\t\t\t\t\t\t\t\t<\/div>\n\t\t\t\t<\/div>\n\t\t\t\t<div class=\"elementor-element elementor-element-7eb3a5d elementor-widget elementor-widget-heading\" data-id=\"7eb3a5d\" data-element_type=\"widget\" data-e-type=\"widget\" data-widget_type=\"heading.default\">\n\t\t\t\t<div class=\"elementor-widget-container\">\n\t\t\t\t\t<h2 class=\"elementor-heading-title elementor-size-default\">Nos plateformes<\/h2>\t\t\t\t<\/div>\n\t\t\t\t<\/div>\n\t\t\t\t<div class=\"elementor-element elementor-element-9e4d9f4 elementor-widget elementor-widget-heading\" data-id=\"9e4d9f4\" data-element_type=\"widget\" data-e-type=\"widget\" data-widget_type=\"heading.default\">\n\t\t\t\t<div class=\"elementor-widget-container\">\n\t\t\t\t\t<div class=\"elementor-heading-title elementor-size-default\">BioSanD coordonne des plateformes couvrant un large spectre de la biologie et de la sant\u00e9 :<\/div>\t\t\t\t<\/div>\n\t\t\t\t<\/div>\n\t\t\t\t<div class=\"elementor-element elementor-element-5fc4873 elementor-align-start elementor-widget__width-initial elementor-icon-list--layout-traditional elementor-list-item-link-full_width elementor-widget elementor-widget-icon-list\" data-id=\"5fc4873\" data-element_type=\"widget\" data-e-type=\"widget\" data-widget_type=\"icon-list.default\">\n\t\t\t\t<div class=\"elementor-widget-container\">\n\t\t\t\t\t\t\t<ul class=\"elementor-icon-list-items\">\n\t\t\t\t\t\t\t<li class=\"elementor-icon-list-item\">\n\t\t\t\t\t\t\t\t\t\t\t<span class=\"elementor-icon-list-icon\">\n\t\t\t\t\t\t\t<i aria-hidden=\"true\" class=\"fas fa-laptop-code\"><\/i>\t\t\t\t\t\t<\/span>\n\t\t\t\t\t\t\t\t\t\t<span class=\"elementor-icon-list-text\">BIOME (bioinformatique et analyse de donn\u00e9es)<\/span>\n\t\t\t\t\t\t\t\t\t<\/li>\n\t\t\t\t\t\t\t\t<li class=\"elementor-icon-list-item\">\n\t\t\t\t\t\t\t\t\t\t\t<span class=\"elementor-icon-list-icon\">\n\t\t\t\t\t\t\t<i aria-hidden=\"true\" class=\"fas fa-cut\"><\/i>\t\t\t\t\t\t<\/span>\n\t\t\t\t\t\t\t\t\t\t<span class=\"elementor-icon-list-text\">CRIGEN (\u00e9dition g\u00e9nomique et CRISPR)<\/span>\n\t\t\t\t\t\t\t\t\t<\/li>\n\t\t\t\t\t\t\t\t<li class=\"elementor-icon-list-item\">\n\t\t\t\t\t\t\t\t\t\t\t<span class=\"elementor-icon-list-icon\">\n\t\t\t\t\t\t\t<i aria-hidden=\"true\" class=\"fas fa-atom\"><\/i>\t\t\t\t\t\t<\/span>\n\t\t\t\t\t\t\t\t\t\t<span class=\"elementor-icon-list-text\">DiviOmics (lipidomique et m\u00e9tabolomique)<\/span>\n\t\t\t\t\t\t\t\t\t<\/li>\n\t\t\t\t\t\t\t\t<li class=\"elementor-icon-list-item\">\n\t\t\t\t\t\t\t\t\t\t\t<span class=\"elementor-icon-list-icon\">\n\t\t\t\t\t\t\t<i aria-hidden=\"true\" class=\"fas fa-microscope\"><\/i>\t\t\t\t\t\t<\/span>\n\t\t\t\t\t\t\t\t\t\t<span class=\"elementor-icon-list-text\">ImaFlow (imagerie cellulaire et cytom\u00e9trie<\/span>\n\t\t\t\t\t\t\t\t\t<\/li>\n\t\t\t\t\t\t\t\t<li class=\"elementor-icon-list-item\">\n\t\t\t\t\t\t\t\t\t\t\t<span class=\"elementor-icon-list-icon\">\n\t\t\t\t\t\t\t<i aria-hidden=\"true\" class=\"fas fa-radiation-alt\"><\/i>\t\t\t\t\t\t<\/span>\n\t\t\t\t\t\t\t\t\t\t<span class=\"elementor-icon-list-text\">IMATHERA (imagerie et radioth\u00e9rapie pr\u00e9clinique)<\/span>\n\t\t\t\t\t\t\t\t\t<\/li>\n\t\t\t\t\t\t\t\t<li class=\"elementor-icon-list-item\">\n\t\t\t\t\t\t\t\t\t\t\t<span class=\"elementor-icon-list-icon\">\n\t\t\t\t\t\t\t<i aria-hidden=\"true\" class=\"fas fa-fire\"><\/i>\t\t\t\t\t\t<\/span>\n\t\t\t\t\t\t\t\t\t\t<span class=\"elementor-icon-list-text\">Metabolicks (ph\u00e9notypage m\u00e9tabolique et comportemental)<\/span>\n\t\t\t\t\t\t\t\t\t<\/li>\n\t\t\t\t\t\t\t\t<li class=\"elementor-icon-list-item\">\n\t\t\t\t\t\t\t\t\t\t\t<span class=\"elementor-icon-list-icon\">\n\t\t\t\t\t\t\t<i aria-hidden=\"true\" class=\"fas fa-bahai\"><\/i>\t\t\t\t\t\t<\/span>\n\t\t\t\t\t\t\t\t\t\t<span class=\"elementor-icon-list-text\">PTBC (immuno-oncologie et recherche translationnelle<\/span>\n\t\t\t\t\t\t\t\t\t<\/li>\n\t\t\t\t\t\t<\/ul>\n\t\t\t\t\t\t<\/div>\n\t\t\t\t<\/div>\n\t\t\t\t<div class=\"elementor-element elementor-element-1dcbb53 elementor-widget-divider--view-line elementor-widget elementor-widget-divider\" data-id=\"1dcbb53\" data-element_type=\"widget\" data-e-type=\"widget\" data-widget_type=\"divider.default\">\n\t\t\t\t<div class=\"elementor-widget-container\">\n\t\t\t\t\t\t\t<div class=\"elementor-divider\">\n\t\t\t<span class=\"elementor-divider-separator\">\n\t\t\t\t\t\t<\/span>\n\t\t<\/div>\n\t\t\t\t\t\t<\/div>\n\t\t\t\t<\/div>\n\t\t\t\t<div class=\"elementor-element elementor-element-b91b24d elementor-widget elementor-widget-heading\" data-id=\"b91b24d\" data-element_type=\"widget\" data-e-type=\"widget\" data-widget_type=\"heading.default\">\n\t\t\t\t<div class=\"elementor-widget-container\">\n\t\t\t\t\t<h2 class=\"elementor-heading-title elementor-size-default\">Contacts<\/h2>\t\t\t\t<\/div>\n\t\t\t\t<\/div>\n\t\t\t\t<div class=\"elementor-element elementor-element-ca2f874 elementor-widget-mobile__width-initial elementor-widget elementor-widget-text-editor\" data-id=\"ca2f874\" data-element_type=\"widget\" data-e-type=\"widget\" data-widget_type=\"text-editor.default\">\n\t\t\t\t<div class=\"elementor-widget-container\">\n\t\t\t\t\t\t\t\t\t<p><em>Directeur<\/em>\u00a0: Professeur Dominique DELMAS<br \/><em>Directeur Adjoint<\/em>\u00a0: Docteur Laurent DELVA<br \/><em>Responsable administratif <\/em>: J\u00e9r\u00f4me LABBE &#8211; jerome.labbe@ube.fr<\/p>\t\t\t\t\t\t\t\t<\/div>\n\t\t\t\t<\/div>\n\t\t\t\t\t<\/div>\n\t\t<\/div>\n\t\t\t\t\t<\/div>\n\t\t<\/section>\n\t\t\t\t<\/div>\n\t\t","protected":false},"excerpt":{"rendered":"<p>Acc\u00e9l\u00e9rer la recherche biom\u00e9dicale gr\u00e2ce \u00e0 des technologies de pointe et des expertises int\u00e9gr\u00e9es. Au c\u0153ur de l\u2019\u00e9cosyst\u00e8me scientifique dijonnais, BioSanD soutient une dynamique de recherche collaborative et translationnelle. Qu\u2019est-ce qu\u2019une UMS ? Une Unit\u00e9 Mixte de Service (UMS) regroupe des plateformes technologiques mutualis\u00e9es, accessibles aux \u00e9quipes acad\u00e9miques comme aux partenaires priv\u00e9s, en France et &#8230; <a title=\"UMS BioSanD\" class=\"read-more\" href=\"https:\/\/ctm.ube.fr\/index.php\/ums-biosand\/\" aria-label=\"En savoir plus sur UMS BioSanD\">Lire la suite<\/a><\/p>\n","protected":false},"author":4,"featured_media":0,"parent":0,"menu_order":0,"comment_status":"closed","ping_status":"closed","template":"","meta":{"footnotes":""},"class_list":["post-140","page","type-page","status-publish"],"aioseo_notices":[],"_links":{"self":[{"href":"https:\/\/ctm.ube.fr\/index.php\/wp-json\/wp\/v2\/pages\/140","targetHints":{"allow":["GET"]}}],"collection":[{"href":"https:\/\/ctm.ube.fr\/index.php\/wp-json\/wp\/v2\/pages"}],"about":[{"href":"https:\/\/ctm.ube.fr\/index.php\/wp-json\/wp\/v2\/types\/page"}],"author":[{"embeddable":true,"href":"https:\/\/ctm.ube.fr\/index.php\/wp-json\/wp\/v2\/users\/4"}],"replies":[{"embeddable":true,"href":"https:\/\/ctm.ube.fr\/index.php\/wp-json\/wp\/v2\/comments?post=140"}],"version-history":[{"count":210,"href":"https:\/\/ctm.ube.fr\/index.php\/wp-json\/wp\/v2\/pages\/140\/revisions"}],"predecessor-version":[{"id":7397,"href":"https:\/\/ctm.ube.fr\/index.php\/wp-json\/wp\/v2\/pages\/140\/revisions\/7397"}],"wp:attachment":[{"href":"https:\/\/ctm.ube.fr\/index.php\/wp-json\/wp\/v2\/media?parent=140"}],"curies":[{"name":"wp","href":"https:\/\/api.w.org\/{rel}","templated":true}]}}