{"id":2003,"date":"2023-07-11T14:21:19","date_gmt":"2023-07-11T14:21:19","guid":{"rendered":"https:\/\/ctmtest2.fr\/?page_id=2003"},"modified":"2024-04-24T08:36:47","modified_gmt":"2024-04-24T08:36:47","slug":"02-theme","status":"publish","type":"page","link":"https:\/\/ctm.ube.fr\/index.php\/02-theme\/","title":{"rendered":"02-Theme"},"content":{"rendered":"\t\t<div data-elementor-type=\"wp-page\" data-elementor-id=\"2003\" class=\"elementor elementor-2003\">\n\t\t\t\t\t\t<section class=\"elementor-section elementor-top-section elementor-element elementor-element-d7b4094 elementor-section-boxed elementor-section-height-default elementor-section-height-default\" data-id=\"d7b4094\" data-element_type=\"section\" data-e-type=\"section\">\n\t\t\t\t\t\t<div class=\"elementor-container elementor-column-gap-default\">\n\t\t\t\t\t<div class=\"make-column-clickable-elementor elementor-column elementor-col-33 elementor-top-column elementor-element elementor-element-a65d8c2\" style=\"cursor: pointer;\" data-column-clickable=\"https:\/\/ctmtest2.fr\/02-menu\/\" data-column-clickable-blank=\"_self\" data-id=\"a65d8c2\" data-element_type=\"column\" data-e-type=\"column\">\n\t\t\t<div class=\"elementor-widget-wrap elementor-element-populated\">\n\t\t\t\t\t\t<div class=\"elementor-element elementor-element-0997d0f elementor-widget elementor-widget-button\" data-id=\"0997d0f\" data-element_type=\"widget\" data-e-type=\"widget\" data-widget_type=\"button.default\">\n\t\t\t\t<div class=\"elementor-widget-container\">\n\t\t\t\t\t\t\t\t\t<div class=\"elementor-button-wrapper\">\n\t\t\t\t\t<a class=\"elementor-button elementor-button-link elementor-size-sm\" href=\"https:\/\/ctm.u-bourgogne.fr\/index.php\/02-menu\/\">\n\t\t\t\t\t\t<span class=\"elementor-button-content-wrapper\">\n\t\t\t\t\t\t<span class=\"elementor-button-icon\">\n\t\t\t\t<i aria-hidden=\"true\" class=\"fas fa-angle-double-left\"><\/i>\t\t\t<\/span>\n\t\t\t\t\t\t\t\t\t<span class=\"elementor-button-text\">Retour<\/span>\n\t\t\t\t\t<\/span>\n\t\t\t\t\t<\/a>\n\t\t\t\t<\/div>\n\t\t\t\t\t\t\t\t<\/div>\n\t\t\t\t<\/div>\n\t\t\t\t\t<\/div>\n\t\t<\/div>\n\t\t\t\t<div class=\"elementor-column elementor-col-33 elementor-top-column elementor-element elementor-element-b263003\" data-id=\"b263003\" data-element_type=\"column\" data-e-type=\"column\">\n\t\t\t<div class=\"elementor-widget-wrap elementor-element-populated\">\n\t\t\t\t\t\t<div class=\"elementor-element elementor-element-bd6ecc0 elementor-widget elementor-widget-heading\" data-id=\"bd6ecc0\" data-element_type=\"widget\" data-e-type=\"widget\" data-widget_type=\"heading.default\">\n\t\t\t\t<div class=\"elementor-widget-container\">\n\t\t\t\t\t<h5 class=\"elementor-heading-title elementor-size-default\">Epi2THM : M.CALLANAN<\/h5>\t\t\t\t<\/div>\n\t\t\t\t<\/div>\n\t\t\t\t<div class=\"elementor-element elementor-element-f23e3ff elementor-widget-divider--view-line elementor-widget elementor-widget-divider\" data-id=\"f23e3ff\" data-element_type=\"widget\" data-e-type=\"widget\" data-widget_type=\"divider.default\">\n\t\t\t\t<div class=\"elementor-widget-container\">\n\t\t\t\t\t\t\t<div class=\"elementor-divider\">\n\t\t\t<span class=\"elementor-divider-separator\">\n\t\t\t\t\t\t<\/span>\n\t\t<\/div>\n\t\t\t\t\t\t<\/div>\n\t\t\t\t<\/div>\n\t\t\t\t\t<\/div>\n\t\t<\/div>\n\t\t\t\t<div class=\"elementor-column elementor-col-33 elementor-top-column elementor-element elementor-element-4d0afe0\" data-id=\"4d0afe0\" data-element_type=\"column\" data-e-type=\"column\">\n\t\t\t<div class=\"elementor-widget-wrap elementor-element-populated\">\n\t\t\t\t\t\t<div class=\"elementor-element elementor-element-9e09024 hfe-menu-item-flex-end hfe-submenu-icon-arrow hfe-link-redirect-child elementor-widget elementor-widget-navigation-menu\" data-id=\"9e09024\" data-element_type=\"widget\" data-e-type=\"widget\" data-settings=\"{&quot;hamburger_menu_align&quot;:&quot;flex-end&quot;,&quot;padding_horizontal_dropdown_item&quot;:{&quot;unit&quot;:&quot;px&quot;,&quot;size&quot;:&quot;20&quot;,&quot;sizes&quot;:[]},&quot;hamburger_align&quot;:&quot;center&quot;,&quot;dropdown_border_radius&quot;:{&quot;unit&quot;:&quot;px&quot;,&quot;top&quot;:&quot;&quot;,&quot;right&quot;:&quot;&quot;,&quot;bottom&quot;:&quot;&quot;,&quot;left&quot;:&quot;&quot;,&quot;isLinked&quot;:true},&quot;dropdown_border_radius_tablet&quot;:{&quot;unit&quot;:&quot;px&quot;,&quot;top&quot;:&quot;&quot;,&quot;right&quot;:&quot;&quot;,&quot;bottom&quot;:&quot;&quot;,&quot;left&quot;:&quot;&quot;,&quot;isLinked&quot;:true},&quot;dropdown_border_radius_mobile&quot;:{&quot;unit&quot;:&quot;px&quot;,&quot;top&quot;:&quot;&quot;,&quot;right&quot;:&quot;&quot;,&quot;bottom&quot;:&quot;&quot;,&quot;left&quot;:&quot;&quot;,&quot;isLinked&quot;:true},&quot;padding_horizontal_dropdown_item_tablet&quot;:{&quot;unit&quot;:&quot;px&quot;,&quot;size&quot;:&quot;&quot;,&quot;sizes&quot;:[]},&quot;padding_horizontal_dropdown_item_mobile&quot;:{&quot;unit&quot;:&quot;px&quot;,&quot;size&quot;:&quot;&quot;,&quot;sizes&quot;:[]},&quot;padding_vertical_dropdown_item&quot;:{&quot;unit&quot;:&quot;px&quot;,&quot;size&quot;:15,&quot;sizes&quot;:[]},&quot;padding_vertical_dropdown_item_tablet&quot;:{&quot;unit&quot;:&quot;px&quot;,&quot;size&quot;:&quot;&quot;,&quot;sizes&quot;:[]},&quot;padding_vertical_dropdown_item_mobile&quot;:{&quot;unit&quot;:&quot;px&quot;,&quot;size&quot;:&quot;&quot;,&quot;sizes&quot;:[]},&quot;distance_from_menu&quot;:{&quot;unit&quot;:&quot;px&quot;,&quot;size&quot;:&quot;&quot;,&quot;sizes&quot;:[]},&quot;distance_from_menu_tablet&quot;:{&quot;unit&quot;:&quot;px&quot;,&quot;size&quot;:&quot;&quot;,&quot;sizes&quot;:[]},&quot;distance_from_menu_mobile&quot;:{&quot;unit&quot;:&quot;px&quot;,&quot;size&quot;:&quot;&quot;,&quot;sizes&quot;:[]},&quot;toggle_size&quot;:{&quot;unit&quot;:&quot;px&quot;,&quot;size&quot;:&quot;&quot;,&quot;sizes&quot;:[]},&quot;toggle_size_tablet&quot;:{&quot;unit&quot;:&quot;px&quot;,&quot;size&quot;:&quot;&quot;,&quot;sizes&quot;:[]},&quot;toggle_size_mobile&quot;:{&quot;unit&quot;:&quot;px&quot;,&quot;size&quot;:&quot;&quot;,&quot;sizes&quot;:[]},&quot;toggle_border_width&quot;:{&quot;unit&quot;:&quot;px&quot;,&quot;size&quot;:&quot;&quot;,&quot;sizes&quot;:[]},&quot;toggle_border_width_tablet&quot;:{&quot;unit&quot;:&quot;px&quot;,&quot;size&quot;:&quot;&quot;,&quot;sizes&quot;:[]},&quot;toggle_border_width_mobile&quot;:{&quot;unit&quot;:&quot;px&quot;,&quot;size&quot;:&quot;&quot;,&quot;sizes&quot;:[]},&quot;toggle_border_radius&quot;:{&quot;unit&quot;:&quot;px&quot;,&quot;size&quot;:&quot;&quot;,&quot;sizes&quot;:[]},&quot;toggle_border_radius_tablet&quot;:{&quot;unit&quot;:&quot;px&quot;,&quot;size&quot;:&quot;&quot;,&quot;sizes&quot;:[]},&quot;toggle_border_radius_mobile&quot;:{&quot;unit&quot;:&quot;px&quot;,&quot;size&quot;:&quot;&quot;,&quot;sizes&quot;:[]}}\" data-widget_type=\"navigation-menu.default\">\n\t\t\t\t<div class=\"elementor-widget-container\">\n\t\t\t\t\t\t\t\t<div class=\"hfe-nav-menu hfe-layout-expandible hfe-nav-menu-layout expandible\" data-layout=\"expandible\">\n\t\t\t\t<div role=\"button\" class=\"hfe-nav-menu__toggle elementor-clickable\" tabindex=\"0\" aria-label=\"Menu Toggle\">\n\t\t\t\t\t<span class=\"screen-reader-text\">Menu<\/span>\n\t\t\t\t\t<div class=\"hfe-nav-menu-icon\">\n\t\t\t\t\t\t<i aria-hidden=\"true\"  class=\"fas fa-align-right\"><\/i>\t\t\t\t\t<\/div>\n\t\t\t\t<\/div>\n\t\t\t\t<nav class=\"hfe-dropdown-expandible hfe-nav-menu__layout-expandible hfe-nav-menu__submenu-arrow\" data-toggle-icon=\"&lt;i aria-hidden=&quot;true&quot; tabindex=&quot;0&quot; class=&quot;fas fa-align-right&quot;&gt;&lt;\/i&gt;\" data-close-icon=\"&lt;i aria-hidden=&quot;true&quot; tabindex=&quot;0&quot; class=&quot;far fa-window-close&quot;&gt;&lt;\/i&gt;\" data-full-width=\"yes\">\n\t\t\t\t\t<ul id=\"menu-1-9e09024\" class=\"hfe-nav-menu\"><li id=\"menu-item-2151\" class=\"menu-item menu-item-type-post_type menu-item-object-page parent hfe-creative-menu\"><a href=\"https:\/\/ctm.ube.fr\/index.php\/01-menu\/\" class = \"hfe-menu-item\">CADIR : F.GHIRINGHELLI<\/a><\/li>\n<li id=\"menu-item-2152\" class=\"menu-item menu-item-type-post_type menu-item-object-page parent hfe-creative-menu\"><a href=\"https:\/\/ctm.ube.fr\/index.php\/02-menu\/\" class = \"hfe-menu-item\">Epi2THM : M.CALLANAN<\/a><\/li>\n<li id=\"menu-item-2672\" class=\"menu-item menu-item-type-post_type menu-item-object-page parent hfe-creative-menu\"><a href=\"https:\/\/ctm.ube.fr\/index.php\/03-menu\/\" class = \"hfe-menu-item\">HSP-PATHIES: C.GARRIDO<\/a><\/li>\n<li id=\"menu-item-2677\" class=\"menu-item menu-item-type-post_type menu-item-object-page parent hfe-creative-menu\"><a href=\"https:\/\/ctm.ube.fr\/index.php\/equipe-descartes\/\" class = \"hfe-menu-item\">DESCARTES: O. MICHEAU<\/a><\/li>\n<li id=\"menu-item-2673\" class=\"menu-item menu-item-type-post_type menu-item-object-page parent hfe-creative-menu\"><a href=\"https:\/\/ctm.ube.fr\/index.php\/04-menu\/\" class = \"hfe-menu-item\">EPICAD : C. LEPAGE<\/a><\/li>\n<li id=\"menu-item-986\" class=\"menu-item menu-item-type-custom menu-item-object-custom parent hfe-creative-menu\"><a href=\"https:\/\/www.gad-bfc.org\/\" class = \"hfe-menu-item\">GAD : C. THAUVIN<\/a><\/li>\n<li id=\"menu-item-2674\" class=\"menu-item menu-item-type-post_type menu-item-object-page parent hfe-creative-menu\"><a href=\"https:\/\/ctm.ube.fr\/index.php\/06-menu\/\" class = \"hfe-menu-item\">PADYS : B. VERGES<\/a><\/li>\n<li id=\"menu-item-2675\" class=\"menu-item menu-item-type-post_type menu-item-object-page parent hfe-creative-menu\"><a href=\"https:\/\/ctm.ube.fr\/index.php\/07-menu\/\" class = \"hfe-menu-item\">NUTOX : N. KHAN<\/a><\/li>\n<li id=\"menu-item-2676\" class=\"menu-item menu-item-type-post_type menu-item-object-page parent hfe-creative-menu\"><a href=\"https:\/\/ctm.ube.fr\/index.php\/08-menu\/\" class = \"hfe-menu-item\">LIPNESS : D. MASSON<\/a><\/li>\n<li id=\"menu-item-987\" class=\"menu-item menu-item-type-custom menu-item-object-custom parent hfe-creative-menu\"><a href=\"https:\/\/blog.u-bourgogne.fr\/yalcingroup\/\" class = \"hfe-menu-item\">B. YALCIN<\/a><\/li>\n<\/ul> \n\t\t\t\t<\/nav>\n\t\t\t<\/div>\n\t\t\t\t\t\t\t<\/div>\n\t\t\t\t<\/div>\n\t\t\t\t\t<\/div>\n\t\t<\/div>\n\t\t\t\t\t<\/div>\n\t\t<\/section>\n\t\t\t\t<section class=\"elementor-section elementor-top-section elementor-element elementor-element-93a2fa7 elementor-section-boxed elementor-section-height-default elementor-section-height-default\" data-id=\"93a2fa7\" data-element_type=\"section\" data-e-type=\"section\">\n\t\t\t\t\t\t<div class=\"elementor-container elementor-column-gap-default\">\n\t\t\t\t\t<div class=\"elementor-column elementor-col-100 elementor-top-column elementor-element elementor-element-5d85e39\" data-id=\"5d85e39\" data-element_type=\"column\" data-e-type=\"column\">\n\t\t\t<div class=\"elementor-widget-wrap elementor-element-populated\">\n\t\t\t\t\t\t<div class=\"elementor-element elementor-element-5f8349d elementor-widget elementor-widget-heading\" data-id=\"5f8349d\" data-element_type=\"widget\" data-e-type=\"widget\" data-widget_type=\"heading.default\">\n\t\t\t\t<div class=\"elementor-widget-container\">\n\t\t\t\t\t<h2 class=\"elementor-heading-title elementor-size-default\">Epigenetics, epidemiology and personalized treatment of hematological malignancies: Epi2THM<\/h2>\t\t\t\t<\/div>\n\t\t\t\t<\/div>\n\t\t\t\t<div class=\"elementor-element elementor-element-13ee851 elementor-widget elementor-widget-image\" data-id=\"13ee851\" data-element_type=\"widget\" data-e-type=\"widget\" data-widget_type=\"image.default\">\n\t\t\t\t<div class=\"elementor-widget-container\">\n\t\t\t\t\t\t\t\t\t\t\t\t\t\t\t<img fetchpriority=\"high\" decoding=\"async\" width=\"1024\" height=\"668\" src=\"https:\/\/ctm.ube.fr\/wp-content\/uploads\/2024\/04\/Figure-Epi2THM-1024x668.png\" class=\"attachment-large size-large wp-image-5517\" alt=\"\" srcset=\"https:\/\/ctm.ube.fr\/wp-content\/uploads\/2024\/04\/Figure-Epi2THM-1024x668.png 1024w, https:\/\/ctm.ube.fr\/wp-content\/uploads\/2024\/04\/Figure-Epi2THM-300x196.png 300w, https:\/\/ctm.ube.fr\/wp-content\/uploads\/2024\/04\/Figure-Epi2THM-768x501.png 768w, https:\/\/ctm.ube.fr\/wp-content\/uploads\/2024\/04\/Figure-Epi2THM-1536x1003.png 1536w, https:\/\/ctm.ube.fr\/wp-content\/uploads\/2024\/04\/Figure-Epi2THM-2048x1337.png 2048w\" sizes=\"(max-width: 1024px) 100vw, 1024px\" \/>\t\t\t\t\t\t\t\t\t\t\t\t\t\t\t<\/div>\n\t\t\t\t<\/div>\n\t\t\t\t<div class=\"elementor-element elementor-element-0fa2856 elementor-widget elementor-widget-text-editor\" data-id=\"0fa2856\" data-element_type=\"widget\" data-e-type=\"widget\" data-widget_type=\"text-editor.default\">\n\t\t\t\t<div class=\"elementor-widget-container\">\n\t\t\t\t\t\t\t\t\t<p>L&rsquo;\u00e9quipe travaille sur trois th\u00e8mes de recherche interconnect\u00e9s qui visent globalement \u00e0 innover dans la pr\u00e9vention, le diagnostic\/pronostic et le traitement personnalis\u00e9 des h\u00e9mopathies malignes, en mettant l&rsquo;accent sur les leuc\u00e9mies et les lymphomes B. Il s\u2019agit :<\/p>\n<p>1- d\u2019\u00e9lucider de nouveaux m\u00e9canismes (\u00e9pi)g\u00e9n\u00e9tiques dans les h\u00e9mopathies, mettant au jour des facteurs de risque pr\u00e9dictifs ou de nouvelles cibles th\u00e9rapeutiques, par des cribles (\u00e9pi)g\u00e9nomiques \u00e0 haut d\u00e9bit dans des syst\u00e8mes cellulaires mod\u00e8les et des analyses fonctionnelles (CRISPR-Cas9) dans des syst\u00e8mes murins et humains et de permettre une validation clinique par des analyses d&rsquo;\u00e9chantillons de patients (conserv\u00e9s par l&rsquo;\u00e9quipe ou dans le cadre d&rsquo;essais cliniques multicentriques),<br>2- d\u2019identifier par des approches \u00e9pid\u00e9miologiques dans des donn\u00e9es de population, les facteurs qui influencent la survie, l&rsquo;acc\u00e8s et l&rsquo;impact de l&rsquo;innovation th\u00e9rapeutique et la qualit\u00e9 de vie des patients atteints d\u2019h\u00e9mopathies malignes,<br>3- d\u2019exploiter nos r\u00e9sultats concernant les caract\u00e9ristiques des patients (\u00e9pid\u00e9miologiques et cliniques) et de la maladie [(\u00e9pi)g\u00e9n\u00e9tique], ainsi que les nouvelles approches de diagnostic des maladies r\u00e9siduelles (Cf. ADN et imagerie), afin d\u2019avoir une pr\u00e9diction dynamique et une approche de m\u00e9decine de pr\u00e9cision.<\/p>\t\t\t\t\t\t\t\t<\/div>\n\t\t\t\t<\/div>\n\t\t\t\t<div class=\"elementor-element elementor-element-42fd991 elementor-widget elementor-widget-heading\" data-id=\"42fd991\" data-element_type=\"widget\" data-e-type=\"widget\" data-widget_type=\"heading.default\">\n\t\t\t\t<div class=\"elementor-widget-container\">\n\t\t\t\t\t<h2 class=\"elementor-heading-title elementor-size-default\">Publications S\u00e9lectionn\u00e9es<\/h2>\t\t\t\t<\/div>\n\t\t\t\t<\/div>\n\t\t\t\t<div class=\"elementor-element elementor-element-58b48ed elementor-widget elementor-widget-text-editor\" data-id=\"58b48ed\" data-element_type=\"widget\" data-e-type=\"widget\" data-widget_type=\"text-editor.default\">\n\t\t\t\t<div class=\"elementor-widget-container\">\n\t\t\t\t\t\t\t\t\t<ul><li>Repeat element activation-driven inflammation; role of NFKB and implications in normal development and cancer? Dum\u00e9tier B, Sauter C, Hajmirza A, Pernon B, Aucagne R, Fournier C, Row C, Guidez F, Rossi C, Lepage C, Delva L, Callanan MB. Biomedicines, Review 2022, in press<\/li><li>Protein Arginine Methyltransferases as Therapeutic Targets in Hematological Malignancies. Sauter C, Simonet J, Guidez F, Dum\u00e9tier B, Pernon B, Callanan M, Bastie JN, Aucagne R, Delva L. Cancers (Basel), Review 2022, PMID: 36358861<\/li><li>Ibrutinib, obinutuzumab, and venetoclax in relapsed and untreated patients with mantle cell lymphoma: a phase 1\/2 trial. Le Gouill S, Morschhauser F, Chiron D, Bouabdallah K, Cartron G, Casasnovas O, Bodet-Milin C, Ragot S, Bossard C, Nadal N, Herbaux C, Tessoulin B, Tchernonog E, Rossi C, McCulloch R, Gastinne T, Callanan MB*, Rule S*. Blood, 2021, PMID: 33181832 *equal contribution<\/li><li>Identification of novel, clonally stable, somatic mutations targeting transcription factors PAX5 and NKX2-3, the epigenetic regulator LRIF1, and BRAF in a case of atypical B-cell chronic lymphocytic leukemia harboring a t(14;18)(q32;q21). Burlet B, Ramla S, Fournier C, Abrey-Recalde MJ, Sauter C, Chr\u00e9tien ML, Rossi C, Duffourd Y, Ragot S, Buriller C, Tournier B, Chapusot C, Nadal N, Racine J, Guy J, Bailly F, Martin L, Casasnovas O, Bastie JN, Caillot D, Albuisson J, Broccardo C, Thieblemont C, Delva L, Maynadi\u00e9 M, Aucagne R*, Callanan MB*. Cold Spring Harb Mol Case Stud, 2021, PMID: 33608382 *co-corresponding authors<\/li><li>PLZF Acetylation Levels Regulate NKT Cell Differentiation. Klibi J, Joseph C, Delord M, Teissandier A, Lucas B, Chomienne C, Toubert A, Bourc&rsquo;his D, Guidez F*, Benlagha K*. J Immunol, 2021, PMID: 34282003 *co-last, co-corresponding authors<\/li><li>Flexible Modeling of Net Survival and Cure by AML Subtype and Age: A French Population-Based Study from FRANCIM. Mounier M*, Romain G, Callanan M, Alla AD, Boussari O, Maynadi\u00e9 M, Colonna M, Jooste V. J Clin Med, 2021, PMID: 33924506 *Corresponding author.<\/li><li>High-fat diet intensifies MLL-AF9-induced acute myeloid leukemia through activation of the FLT3 signaling in mouse primitive hematopoietic cells. Hermetet F, Mshaik R, Simonet J, Callier P, Delva L, Qu\u00e9r\u00e9 R. Sci Rep, 2020, PMID: 32999332.<\/li><li>High-fat diet disturbs lipid raft\/TGF-\u03b2 signaling-mediated maintenance of hematopoietic stem cells in mouse bone marrow. Hermetet F, Buffi\u00e8re A, Aznague A, Pais de Barros JP, Bastie JN, Delva L, Qu\u00e9r\u00e9 R. Nat Commun, 2019, PMID: 30705272<\/li><li>A phase 2 study of rituximab, bendamustine, bortezomib and dexamethasone for first-line treatment of older patients with mantle cell lymphoma. Gressin R, Daguindau N, Tempescul A, Moreau A, Carras S, Tchernonog E, Schmitt A, Houot R, Dartigeas C, Pignon JM, Corm S, Banos A, Mounier C, Dupuis J, Macro M, Fleury J, Jardin F, Sarkozy C, Damaj G, Feugier P, Fornecker LM, Chabrot C, Dorvaux V, Bouadallah K, Amorin S, Garidi R, Voillat L, Joly B, Celigny PS, Morineau N, Moles MP, Zerazhi H, Fontan J, Arkam Y, Alexis M, Delwail V, Vilque JP, Ysebaert L, Le Gouill S, Callanan MB; Lymphoma Study Association. Haematologica, 2019, PMID: 30171024<\/li><li>PET-adapted treatment for newly diagnosed advanced Hodgkin lymphoma (AHL2011): a randomised, multicentre, non-inferiority, phase 3 study. Casasnovas RO, Bouabdallah R, Brice P, Lazarovici J, Ghesquieres H, Stamatoullas A, Dupuis J, Gac AC, Gastinne T, Joly B, Bouabdallah K, Nicolas-Virelizier E, Feugier P, Morschhauser F, Delarue R, Farhat H, Quittet P, Berriolo-Riedinger A, Tempescul A, Edeline V, Maisonneuve H, Fornecker LM, Lamy T, Delmer A, Dartigues P, Martin L, Andr\u00e9 M, Mounier N, Traverse-Glehen A, Meignan M. Lancet Oncol, 2019, PMID: 30658935<\/li><li>The Need for a Consensus Next-generation Sequencing Panel for Mature Lymphoid Malignancies. Sujobert P, Le Bris Y, de Leval L, Gros A, Merlio JP, Pastoret C, Huet S, Sarkozy C, Davi F, Callanan M, Thieblemont C, Sibon D, Asnafi V, Preudhomme C, Gaulard P, Jardin F, Salles G, Macintyre E. Hemasphere, 2018, PMID: 31723808<\/li><li>Haploinsufficiency for NR3C1, the gene encoding the glucocorticoid receptor, in blastic plasmacytoid dendritic cell neoplasms. Emadali A, Hoghoughi N, Duley S, Hajmirza A, Verhoeyen E, Cosset FL, Bertrand P, Roumier C, Roggy A, Suchaud-Martin C, Chauvet M, Bertrand S, Hamaidia S, Rousseaux S, Josserand V, Charles J, Templier I, Maeda T, Bruder-Costa J, Chaperot L, Plumas J, Jacob MC, Bonnefoix T, Park S, Gressin R, Tensen CP, Mecucci C, Macintyre E, Leroux D, Brambilla E, Nguyen-Khac F, Luquet I, Penther D, Bastard C, Jardin F, Lefebvre C, Garnache F, Callanan MB. Blood, 2016, PMID: 27060168<\/li><\/ul>\t\t\t\t\t\t\t\t<\/div>\n\t\t\t\t<\/div>\n\t\t\t\t\t<\/div>\n\t\t<\/div>\n\t\t\t\t\t<\/div>\n\t\t<\/section>\n\t\t\t\t<section class=\"elementor-section elementor-top-section elementor-element elementor-element-f22daeb elementor-section-boxed elementor-section-height-default elementor-section-height-default\" data-id=\"f22daeb\" data-element_type=\"section\" data-e-type=\"section\">\n\t\t\t\t\t\t<div class=\"elementor-container elementor-column-gap-default\">\n\t\t\t\t\t<div class=\"elementor-column elementor-col-100 elementor-top-column elementor-element elementor-element-3bbc3d2\" data-id=\"3bbc3d2\" data-element_type=\"column\" data-e-type=\"column\">\n\t\t\t<div class=\"elementor-widget-wrap\">\n\t\t\t\t\t\t\t<\/div>\n\t\t<\/div>\n\t\t\t\t\t<\/div>\n\t\t<\/section>\n\t\t\t\t<section class=\"elementor-section elementor-top-section elementor-element elementor-element-8b1df38 elementor-section-boxed elementor-section-height-default elementor-section-height-default\" data-id=\"8b1df38\" data-element_type=\"section\" data-e-type=\"section\">\n\t\t\t\t\t\t<div class=\"elementor-container elementor-column-gap-default\">\n\t\t\t\t\t<div class=\"elementor-column elementor-col-100 elementor-top-column elementor-element elementor-element-ea27805\" data-id=\"ea27805\" data-element_type=\"column\" data-e-type=\"column\">\n\t\t\t<div class=\"elementor-widget-wrap\">\n\t\t\t\t\t\t\t<\/div>\n\t\t<\/div>\n\t\t\t\t\t<\/div>\n\t\t<\/section>\n\t\t\t\t<\/div>\n\t\t","protected":false},"excerpt":{"rendered":"<p>Retour \/*! elementor &#8211; v3.19.0 &#8211; 07-02-2024 *\/ .elementor-heading-title{padding:0;margin:0;line-height:1}.elementor-widget-heading .elementor-heading-title[class*=elementor-size-]&gt;a{color:inherit;font-size:inherit;line-height:inherit}.elementor-widget-heading .elementor-heading-title.elementor-size-small{font-size:15px}.elementor-widget-heading .elementor-heading-title.elementor-size-medium{font-size:19px}.elementor-widget-heading .elementor-heading-title.elementor-size-large{font-size:29px}.elementor-widget-heading .elementor-heading-title.elementor-size-xl{font-size:39px}.elementor-widget-heading .elementor-heading-title.elementor-size-xxl{font-size:59px} Epi2THM : M.CALLANAN \/*! elementor &#8211; v3.19.0 &#8211; 07-02-2024 *\/ .elementor-widget-divider{&#8211;divider-border-style:none;&#8211;divider-border-width:1px;&#8211;divider-color:#0c0d0e;&#8211;divider-icon-size:20px;&#8211;divider-element-spacing:10px;&#8211;divider-pattern-height:24px;&#8211;divider-pattern-size:20px;&#8211;divider-pattern-url:none;&#8211;divider-pattern-repeat:repeat-x}.elementor-widget-divider .elementor-divider{display:flex}.elementor-widget-divider .elementor-divider__text{font-size:15px;line-height:1;max-width:95%}.elementor-widget-divider .elementor-divider__element{margin:0 var(&#8211;divider-element-spacing);flex-shrink:0}.elementor-widget-divider .elementor-icon{font-size:var(&#8211;divider-icon-size)}.elementor-widget-divider .elementor-divider-separator{display:flex;margin:0;direction:ltr}.elementor-widget-divider&#8211;view-line_icon .elementor-divider-separator,.elementor-widget-divider&#8211;view-line_text .elementor-divider-separator{align-items:center}.elementor-widget-divider&#8211;view-line_icon .elementor-divider-separator:after,.elementor-widget-divider&#8211;view-line_icon .elementor-divider-separator:before,.elementor-widget-divider&#8211;view-line_text .elementor-divider-separator:after,.elementor-widget-divider&#8211;view-line_text .elementor-divider-separator:before{display:block;content:\u00a0\u00bb\u00a0\u00bb;border-block-end:0;flex-grow:1;border-block-start:var(&#8211;divider-border-width) var(&#8211;divider-border-style) var(&#8211;divider-color)}.elementor-widget-divider&#8211;element-align-left .elementor-divider .elementor-divider-separator&gt;.elementor-divider__svg:first-of-type{flex-grow:0;flex-shrink:100}.elementor-widget-divider&#8211;element-align-left .elementor-divider-separator:before{content:none}.elementor-widget-divider&#8211;element-align-left .elementor-divider__element{margin-left:0}.elementor-widget-divider&#8211;element-align-right .elementor-divider .elementor-divider-separator&gt;.elementor-divider__svg:last-of-type{flex-grow:0;flex-shrink:100}.elementor-widget-divider&#8211;element-align-right .elementor-divider-separator:after{content:none}.elementor-widget-divider&#8211;element-align-right .elementor-divider__element{margin-right:0}.elementor-widget-divider&#8211;element-align-start .elementor-divider .elementor-divider-separator&gt;.elementor-divider__svg:first-of-type{flex-grow:0;flex-shrink:100}.elementor-widget-divider&#8211;element-align-start .elementor-divider-separator:before{content:none}.elementor-widget-divider&#8211;element-align-start .elementor-divider__element{margin-inline-start:0}.elementor-widget-divider&#8211;element-align-end .elementor-divider .elementor-divider-separator&gt;.elementor-divider__svg:last-of-type{flex-grow:0;flex-shrink:100}.elementor-widget-divider&#8211;element-align-end .elementor-divider-separator:after{content:none}.elementor-widget-divider&#8211;element-align-end &#8230; <a title=\"02-Theme\" class=\"read-more\" href=\"https:\/\/ctm.ube.fr\/index.php\/02-theme\/\" aria-label=\"En savoir plus sur 02-Theme\">Lire la suite<\/a><\/p>\n","protected":false},"author":2,"featured_media":0,"parent":0,"menu_order":0,"comment_status":"closed","ping_status":"closed","template":"","meta":{"footnotes":""},"class_list":["post-2003","page","type-page","status-publish"],"aioseo_notices":[],"_links":{"self":[{"href":"https:\/\/ctm.ube.fr\/index.php\/wp-json\/wp\/v2\/pages\/2003","targetHints":{"allow":["GET"]}}],"collection":[{"href":"https:\/\/ctm.ube.fr\/index.php\/wp-json\/wp\/v2\/pages"}],"about":[{"href":"https:\/\/ctm.ube.fr\/index.php\/wp-json\/wp\/v2\/types\/page"}],"author":[{"embeddable":true,"href":"https:\/\/ctm.ube.fr\/index.php\/wp-json\/wp\/v2\/users\/2"}],"replies":[{"embeddable":true,"href":"https:\/\/ctm.ube.fr\/index.php\/wp-json\/wp\/v2\/comments?post=2003"}],"version-history":[{"count":14,"href":"https:\/\/ctm.ube.fr\/index.php\/wp-json\/wp\/v2\/pages\/2003\/revisions"}],"predecessor-version":[{"id":5520,"href":"https:\/\/ctm.ube.fr\/index.php\/wp-json\/wp\/v2\/pages\/2003\/revisions\/5520"}],"wp:attachment":[{"href":"https:\/\/ctm.ube.fr\/index.php\/wp-json\/wp\/v2\/media?parent=2003"}],"curies":[{"name":"wp","href":"https:\/\/api.w.org\/{rel}","templated":true}]}}